{"id":80,"date":"2017-07-10T04:57:05","date_gmt":"2017-07-10T09:57:05","guid":{"rendered":"http:\/\/molddiscover.localhost\/?page_id=80"},"modified":"2023-09-26T11:06:27","modified_gmt":"2023-09-26T16:06:27","slug":"quienes-somos","status":"publish","type":"page","link":"https:\/\/chachapoyasexpedition.com\/en\/quienes-somos\/","title":{"rendered":"About us"},"content":{"rendered":"<div class=\"wpb-content-wrapper\"><div class=\"vc_row wpb_row vc_row-fluid\"><div class=\"wpb_column vc_column_container vc_col-sm-12\"><div class=\"vc_column-inner\"><div class=\"wpb_wrapper\">\n\t<div class=\"wpb_text_column wpb_content_element\" >\n\t\t<div class=\"wpb_wrapper\">\n\t\t\t<p><span style=\"vertical-align: inherit;\"><span style=\"vertical-align: inherit;\"><\/p>\n\n\t\t<\/div>\n\t<\/div>\n<\/div><\/div><\/div><\/div><div class=\"vc_row wpb_row vc_row-fluid vc_column-gap-2\"><div class=\"wpb_column vc_column_container vc_col-sm-6\"><div class=\"vc_column-inner\"><div class=\"wpb_wrapper\">\n\t<div class=\"wpb_text_column wpb_content_element\" >\n\t\t<div class=\"wpb_wrapper\">\n\t\t\t<p><strong><span style=\"vertical-align: inherit;\"><span style=\"vertical-align: inherit;\"><span style=\"vertical-align: inherit;\"><span style=\"vertical-align: inherit;\">ABOUT US<\/span><\/span><\/span><\/span><\/strong><\/span><\/span><\/p>\n<p><span style=\"vertical-align: inherit;\"><span style=\"vertical-align: inherit;\">We are a Tour Operator with experience and prestige in the Northeastern Region of Peru with its operational office in the city of Chachapoyas.<\/span><\/span><\/p>\n<p><span style=\"vertical-align: inherit;\"><span style=\"vertical-align: inherit;\">Since we began operations in 2006, we have assumed the challenge of working for Responsible and Professional Tourism development aimed at providing reliable and innovative services, always with our professional and personalized attention. We are dedicated to the design, organization and operation of the Tourist Product accompanied by a great professional team.<\/span><\/span><\/p>\n<p><span style=\"vertical-align: inherit;\"><span style=\"vertical-align: inherit;\">The experience, professionalism and knowledge of the North East that we have been traveling for many years makes us a different but reliable alternative for you.<\/span><\/span><\/p>\n<p>&nbsp;<\/p>\n<p><span style=\"vertical-align: inherit;\"><span style=\"vertical-align: inherit;\">VISION<\/span><\/span><\/p>\n<p><span style=\"vertical-align: inherit;\"><span style=\"vertical-align: inherit;\">We are committed to the development of responsible tourism, promoting and disseminating care for our environment; achieving the approval of our clients and the social economic growth of our communities<\/span><\/span><\/p>\n<p><span style=\"vertical-align: inherit;\"><span style=\"vertical-align: inherit;\">MISSION<\/span><\/span><\/p>\n<p><span style=\"vertical-align: inherit;\"><span style=\"vertical-align: inherit;\"><span style=\"vertical-align: inherit;\"><span style=\"vertical-align: inherit;\">Lead the North Eastern Peruvian market, providing quality tourist services that guarantee safety and comfort to our clients\u00a0<\/span><\/span><\/span><\/span><\/p>\n<p>&nbsp;<\/p>\n<p><strong>OUR TEAM<\/strong><\/p>\n<p><strong><span style=\"color: #0000ff;\">Rolando Germ\u00e1n Carranza<\/span><\/strong><\/p>\n<p>Hello! My name is Rolando A. Germ\u00e1n Carranza, founder of \u201cChachapoyas Expedition\u201d and Official Tourism Guide, my experience acquired during these last years of specialized work in domestic and incoming tourism in the design, layout, operations, logistics and quality control of the exclusive and innovative products that distinguish us. I represent a new style of tourism that allows you to discover places and cultures in a sustainable and responsible way.<\/p>\n<p>&nbsp;<\/p>\n<p><strong><span style=\"color: #0000ff;\">Neira Alva Brice\u00f1o<\/span><\/strong><\/p>\n<p>She is in charge of the operations area. Born in the Amazonas Region, province of Luya \u2013 Vista Hermosa Annex, Neira has been present since the beginning of Chachapoyas Expedition's operations, knowledgeable about the Peruvian North East, which makes her take care of the entire area of operations, she is friendly, reliable and responsible, will help you discover the most beautiful of the North Eastern circuit.<\/p>\n<p>&nbsp;<\/p>\n<p><span style=\"color: #0000ff;\"><strong>Juan Jos\u00e9 Chalco Luna<\/strong><\/span><\/p>\n<p>Dedicated to caring for the environment and birding tourism <strong>\u201cbirdwatching\u201d<\/strong> in the Lambayeque, San Mart\u00edn, Cajamarca, Arequipa, Tingo Mar\u00eda, Cuzco, Puno, Lima, Hu\u00e1nuco areas. Advisor on bird conservation projects in Peru. Birding guide. Collaborator and photographer for websites, publications and magazines. By profession Chemical Engineer CIP 61147.<\/p>\n\n\t\t<\/div>\n\t<\/div>\n<\/div><\/div><\/div><\/div>\n<\/div>","protected":false},"excerpt":{"rendered":"<p>Chachapoyas Expedition<\/p>","protected":false},"author":1,"featured_media":2750,"parent":0,"menu_order":0,"comment_status":"closed","ping_status":"closed","template":"","meta":{"footnotes":""},"class_list":["post-80","page","type-page","status-publish","has-post-thumbnail","hentry"],"yoast_head":"<!-- This site is optimized with the Yoast SEO plugin v27.3 - https:\/\/yoast.com\/product\/yoast-seo-wordpress\/ -->\n<title>Qui\u00e9nes Somos - Chachapoyas Expedition<\/title>\n<meta name=\"robots\" content=\"index, follow, max-snippet:-1, max-image-preview:large, max-video-preview:-1\" \/>\n<link rel=\"canonical\" href=\"https:\/\/chachapoyasexpedition.com\/en\/quienes-somos\/\" \/>\n<meta property=\"og:locale\" content=\"en_US\" \/>\n<meta property=\"og:type\" content=\"article\" \/>\n<meta property=\"og:title\" content=\"Qui\u00e9nes Somos - Chachapoyas Expedition\" \/>\n<meta property=\"og:description\" content=\"Chachapoyas Expedition\" \/>\n<meta property=\"og:url\" content=\"https:\/\/chachapoyasexpedition.com\/en\/quienes-somos\/\" \/>\n<meta property=\"og:site_name\" content=\"Chachapoyas Expedition\" \/>\n<meta property=\"article:publisher\" content=\"https:\/\/www.facebook.com\/chachapoyas.expedition\" \/>\n<meta property=\"article:modified_time\" content=\"2023-09-26T16:06:27+00:00\" \/>\n<meta property=\"og:image\" content=\"https:\/\/chachapoyasexpedition.com\/wp-content\/uploads\/36398117_2050745901857151_8831152092920938496_n.jpg\" \/>\n\t<meta property=\"og:image:width\" content=\"851\" \/>\n\t<meta property=\"og:image:height\" content=\"315\" \/>\n\t<meta property=\"og:image:type\" content=\"image\/jpeg\" \/>\n<meta name=\"twitter:card\" content=\"summary_large_image\" \/>\n<meta name=\"twitter:label1\" content=\"Est. reading time\" \/>\n\t<meta name=\"twitter:data1\" content=\"2 minutes\" \/>\n<script type=\"application\/ld+json\" class=\"yoast-schema-graph\">{\"@context\":\"https:\\\/\\\/schema.org\",\"@graph\":[{\"@type\":\"WebPage\",\"@id\":\"https:\\\/\\\/chachapoyasexpedition.com\\\/quienes-somos\\\/\",\"url\":\"https:\\\/\\\/chachapoyasexpedition.com\\\/quienes-somos\\\/\",\"name\":\"Qui\u00e9nes Somos - Chachapoyas Expedition\",\"isPartOf\":{\"@id\":\"https:\\\/\\\/chachapoyasexpedition.com\\\/#website\"},\"primaryImageOfPage\":{\"@id\":\"https:\\\/\\\/chachapoyasexpedition.com\\\/quienes-somos\\\/#primaryimage\"},\"image\":{\"@id\":\"https:\\\/\\\/chachapoyasexpedition.com\\\/quienes-somos\\\/#primaryimage\"},\"thumbnailUrl\":\"https:\\\/\\\/chachapoyasexpedition.com\\\/wp-content\\\/uploads\\\/36398117_2050745901857151_8831152092920938496_n.jpg\",\"datePublished\":\"2017-07-10T09:57:05+00:00\",\"dateModified\":\"2023-09-26T16:06:27+00:00\",\"breadcrumb\":{\"@id\":\"https:\\\/\\\/chachapoyasexpedition.com\\\/quienes-somos\\\/#breadcrumb\"},\"inLanguage\":\"en-US\",\"potentialAction\":[{\"@type\":\"ReadAction\",\"target\":[\"https:\\\/\\\/chachapoyasexpedition.com\\\/quienes-somos\\\/\"]}]},{\"@type\":\"ImageObject\",\"inLanguage\":\"en-US\",\"@id\":\"https:\\\/\\\/chachapoyasexpedition.com\\\/quienes-somos\\\/#primaryimage\",\"url\":\"https:\\\/\\\/chachapoyasexpedition.com\\\/wp-content\\\/uploads\\\/36398117_2050745901857151_8831152092920938496_n.jpg\",\"contentUrl\":\"https:\\\/\\\/chachapoyasexpedition.com\\\/wp-content\\\/uploads\\\/36398117_2050745901857151_8831152092920938496_n.jpg\",\"width\":851,\"height\":315},{\"@type\":\"BreadcrumbList\",\"@id\":\"https:\\\/\\\/chachapoyasexpedition.com\\\/quienes-somos\\\/#breadcrumb\",\"itemListElement\":[{\"@type\":\"ListItem\",\"position\":1,\"name\":\"Home\",\"item\":\"https:\\\/\\\/chachapoyasexpedition.com\\\/\"},{\"@type\":\"ListItem\",\"position\":2,\"name\":\"Qui\u00e9nes Somos\"}]},{\"@type\":\"WebSite\",\"@id\":\"https:\\\/\\\/chachapoyasexpedition.com\\\/#website\",\"url\":\"https:\\\/\\\/chachapoyasexpedition.com\\\/\",\"name\":\"Chachapoyas Expedition\",\"description\":\"Operador de Turismo\",\"potentialAction\":[{\"@type\":\"SearchAction\",\"target\":{\"@type\":\"EntryPoint\",\"urlTemplate\":\"https:\\\/\\\/chachapoyasexpedition.com\\\/?s={search_term_string}\"},\"query-input\":{\"@type\":\"PropertyValueSpecification\",\"valueRequired\":true,\"valueName\":\"search_term_string\"}}],\"inLanguage\":\"en-US\"}]}<\/script>\n<!-- \/ Yoast SEO plugin. -->","yoast_head_json":{"title":"Qui\u00e9nes Somos - Chachapoyas Expedition","robots":{"index":"index","follow":"follow","max-snippet":"max-snippet:-1","max-image-preview":"max-image-preview:large","max-video-preview":"max-video-preview:-1"},"canonical":"https:\/\/chachapoyasexpedition.com\/en\/quienes-somos\/","og_locale":"en_US","og_type":"article","og_title":"Qui\u00e9nes Somos - Chachapoyas Expedition","og_description":"Chachapoyas Expedition","og_url":"https:\/\/chachapoyasexpedition.com\/en\/quienes-somos\/","og_site_name":"Chachapoyas Expedition","article_publisher":"https:\/\/www.facebook.com\/chachapoyas.expedition","article_modified_time":"2023-09-26T16:06:27+00:00","og_image":[{"width":851,"height":315,"url":"https:\/\/chachapoyasexpedition.com\/wp-content\/uploads\/36398117_2050745901857151_8831152092920938496_n.jpg","type":"image\/jpeg"}],"twitter_card":"summary_large_image","twitter_misc":{"Est. reading time":"2 minutes"},"schema":{"@context":"https:\/\/schema.org","@graph":[{"@type":"WebPage","@id":"https:\/\/chachapoyasexpedition.com\/quienes-somos\/","url":"https:\/\/chachapoyasexpedition.com\/quienes-somos\/","name":"Qui\u00e9nes Somos - Chachapoyas Expedition","isPartOf":{"@id":"https:\/\/chachapoyasexpedition.com\/#website"},"primaryImageOfPage":{"@id":"https:\/\/chachapoyasexpedition.com\/quienes-somos\/#primaryimage"},"image":{"@id":"https:\/\/chachapoyasexpedition.com\/quienes-somos\/#primaryimage"},"thumbnailUrl":"https:\/\/chachapoyasexpedition.com\/wp-content\/uploads\/36398117_2050745901857151_8831152092920938496_n.jpg","datePublished":"2017-07-10T09:57:05+00:00","dateModified":"2023-09-26T16:06:27+00:00","breadcrumb":{"@id":"https:\/\/chachapoyasexpedition.com\/quienes-somos\/#breadcrumb"},"inLanguage":"en-US","potentialAction":[{"@type":"ReadAction","target":["https:\/\/chachapoyasexpedition.com\/quienes-somos\/"]}]},{"@type":"ImageObject","inLanguage":"en-US","@id":"https:\/\/chachapoyasexpedition.com\/quienes-somos\/#primaryimage","url":"https:\/\/chachapoyasexpedition.com\/wp-content\/uploads\/36398117_2050745901857151_8831152092920938496_n.jpg","contentUrl":"https:\/\/chachapoyasexpedition.com\/wp-content\/uploads\/36398117_2050745901857151_8831152092920938496_n.jpg","width":851,"height":315},{"@type":"BreadcrumbList","@id":"https:\/\/chachapoyasexpedition.com\/quienes-somos\/#breadcrumb","itemListElement":[{"@type":"ListItem","position":1,"name":"Home","item":"https:\/\/chachapoyasexpedition.com\/"},{"@type":"ListItem","position":2,"name":"Qui\u00e9nes Somos"}]},{"@type":"WebSite","@id":"https:\/\/chachapoyasexpedition.com\/#website","url":"https:\/\/chachapoyasexpedition.com\/","name":"Chachapoyas Expedition","description":"Operador de Turismo","potentialAction":[{"@type":"SearchAction","target":{"@type":"EntryPoint","urlTemplate":"https:\/\/chachapoyasexpedition.com\/?s={search_term_string}"},"query-input":{"@type":"PropertyValueSpecification","valueRequired":true,"valueName":"search_term_string"}}],"inLanguage":"en-US"}]}},"_links":{"self":[{"href":"https:\/\/chachapoyasexpedition.com\/en\/wp-json\/wp\/v2\/pages\/80","targetHints":{"allow":["GET"]}}],"collection":[{"href":"https:\/\/chachapoyasexpedition.com\/en\/wp-json\/wp\/v2\/pages"}],"about":[{"href":"https:\/\/chachapoyasexpedition.com\/en\/wp-json\/wp\/v2\/types\/page"}],"author":[{"embeddable":true,"href":"https:\/\/chachapoyasexpedition.com\/en\/wp-json\/wp\/v2\/users\/1"}],"replies":[{"embeddable":true,"href":"https:\/\/chachapoyasexpedition.com\/en\/wp-json\/wp\/v2\/comments?post=80"}],"version-history":[{"count":23,"href":"https:\/\/chachapoyasexpedition.com\/en\/wp-json\/wp\/v2\/pages\/80\/revisions"}],"predecessor-version":[{"id":2757,"href":"https:\/\/chachapoyasexpedition.com\/en\/wp-json\/wp\/v2\/pages\/80\/revisions\/2757"}],"wp:featuredmedia":[{"embeddable":true,"href":"https:\/\/chachapoyasexpedition.com\/en\/wp-json\/wp\/v2\/media\/2750"}],"wp:attachment":[{"href":"https:\/\/chachapoyasexpedition.com\/en\/wp-json\/wp\/v2\/media?parent=80"}],"curies":[{"name":"wp","href":"https:\/\/api.w.org\/{rel}","templated":true}]}}