{"id":3511,"date":"2024-10-10T09:07:47","date_gmt":"2024-10-10T14:07:47","guid":{"rendered":"https:\/\/chachapoyasexpedition.com\/?post_type=product&#038;p=3511"},"modified":"2024-10-21T23:29:05","modified_gmt":"2024-10-22T04:29:05","slug":"city-tours-pueblo-de-huancas","status":"publish","type":"product","link":"https:\/\/chachapoyasexpedition.com\/en\/tour\/city-tours-pueblo-de-huancas\/","title":{"rendered":"City Tours Huancas y Ca\u00f1ones"},"content":{"rendered":"<div class=\"wpb-content-wrapper\"><div class=\"vc_row wpb_row vc_row-fluid\"><div class=\"wpb_column vc_column_container vc_col-sm-12\"><div class=\"vc_column-inner\"><div class=\"wpb_wrapper\">\n\t<div class=\"wpb_text_column wpb_content_element\" >\n\t\t<div class=\"wpb_wrapper\">\n\t\t\t<h6 class=\"bg_gris_claro ft-opens-b hide-for-medium-down\">CITY TOURS HUANCAS Y CA\u00d1ONES<\/h6>\n\n\t\t<\/div>\n\t<\/div>\n<\/div><\/div><\/div><\/div>\n<\/div>","protected":false},"excerpt":{"rendered":"<p>Salidas Diarias &#8211; Dos horarios (Ma\u00f1ana y Tarde)<\/p>","protected":false},"featured_media":3516,"comment_status":"closed","ping_status":"closed","template":"","meta":[],"product_brand":[],"product_cat":[56],"product_tag":[],"class_list":{"0":"post-3511","1":"product","2":"type-product","3":"status-publish","4":"has-post-thumbnail","6":"product_cat-tours-diarios","7":"location-chachapoyas","9":"first","10":"instock","11":"featured","12":"taxable","13":"shipping-taxable","14":"purchasable","15":"product-type-simple"},"yoast_head":"<!-- This site is optimized with the Yoast SEO plugin v27.3 - https:\/\/yoast.com\/product\/yoast-seo-wordpress\/ -->\n<title>City Tours Huancas y Ca\u00f1ones - Chachapoyas Expedition<\/title>\n<meta name=\"description\" content=\"Huancas, cerca de Chachapoyas, destaca por sus impresionantes miradores con vistas al ca\u00f1\u00f3n del r\u00edo Sonche. Es un destino ideal para disfrutar de cultura, naturaleza y paisajes \u00fanicos.\" \/>\n<meta name=\"robots\" content=\"index, follow, max-snippet:-1, max-image-preview:large, max-video-preview:-1\" \/>\n<link rel=\"canonical\" href=\"https:\/\/chachapoyasexpedition.com\/en\/tour\/city-tours-pueblo-de-huancas\/\" \/>\n<meta property=\"og:locale\" content=\"en_US\" \/>\n<meta property=\"og:type\" content=\"article\" \/>\n<meta property=\"og:title\" content=\"City Tours Huancas y Ca\u00f1ones - Chachapoyas Expedition\" \/>\n<meta property=\"og:description\" content=\"Huancas, cerca de Chachapoyas, destaca por sus impresionantes miradores con vistas al ca\u00f1\u00f3n del r\u00edo Sonche. Es un destino ideal para disfrutar de cultura, naturaleza y paisajes \u00fanicos.\" \/>\n<meta property=\"og:url\" content=\"https:\/\/chachapoyasexpedition.com\/en\/tour\/city-tours-pueblo-de-huancas\/\" \/>\n<meta property=\"og:site_name\" content=\"Chachapoyas Expedition\" \/>\n<meta property=\"article:publisher\" content=\"https:\/\/www.facebook.com\/chachapoyas.expedition\" \/>\n<meta property=\"article:modified_time\" content=\"2024-10-22T04:29:05+00:00\" \/>\n<meta property=\"og:image\" content=\"https:\/\/chachapoyasexpedition.com\/wp-content\/uploads\/Mirador-Huanca-Urco-Vista.jpg\" \/>\n\t<meta property=\"og:image:width\" content=\"1000\" \/>\n\t<meta property=\"og:image:height\" content=\"600\" \/>\n\t<meta property=\"og:image:type\" content=\"image\/jpeg\" \/>\n<meta name=\"twitter:card\" content=\"summary_large_image\" \/>\n<meta name=\"twitter:label1\" content=\"Est. reading time\" \/>\n\t<meta name=\"twitter:data1\" content=\"1 minute\" \/>\n<script type=\"application\/ld+json\" class=\"yoast-schema-graph\">{\"@context\":\"https:\\\/\\\/schema.org\",\"@graph\":[{\"@type\":\"WebPage\",\"@id\":\"https:\\\/\\\/chachapoyasexpedition.com\\\/tour\\\/city-tours-pueblo-de-huancas\\\/\",\"url\":\"https:\\\/\\\/chachapoyasexpedition.com\\\/tour\\\/city-tours-pueblo-de-huancas\\\/\",\"name\":\"City Tours Huancas y Ca\u00f1ones - Chachapoyas Expedition\",\"isPartOf\":{\"@id\":\"https:\\\/\\\/chachapoyasexpedition.com\\\/#website\"},\"primaryImageOfPage\":{\"@id\":\"https:\\\/\\\/chachapoyasexpedition.com\\\/tour\\\/city-tours-pueblo-de-huancas\\\/#primaryimage\"},\"image\":{\"@id\":\"https:\\\/\\\/chachapoyasexpedition.com\\\/tour\\\/city-tours-pueblo-de-huancas\\\/#primaryimage\"},\"thumbnailUrl\":\"https:\\\/\\\/chachapoyasexpedition.com\\\/wp-content\\\/uploads\\\/Mirador-Huanca-Urco-Vista.jpg\",\"datePublished\":\"2024-10-10T14:07:47+00:00\",\"dateModified\":\"2024-10-22T04:29:05+00:00\",\"description\":\"Huancas, cerca de Chachapoyas, destaca por sus impresionantes miradores con vistas al ca\u00f1\u00f3n del r\u00edo Sonche. Es un destino ideal para disfrutar de cultura, naturaleza y paisajes \u00fanicos.\",\"breadcrumb\":{\"@id\":\"https:\\\/\\\/chachapoyasexpedition.com\\\/tour\\\/city-tours-pueblo-de-huancas\\\/#breadcrumb\"},\"inLanguage\":\"en-US\",\"potentialAction\":[{\"@type\":\"ReadAction\",\"target\":[\"https:\\\/\\\/chachapoyasexpedition.com\\\/tour\\\/city-tours-pueblo-de-huancas\\\/\"]}]},{\"@type\":\"ImageObject\",\"inLanguage\":\"en-US\",\"@id\":\"https:\\\/\\\/chachapoyasexpedition.com\\\/tour\\\/city-tours-pueblo-de-huancas\\\/#primaryimage\",\"url\":\"https:\\\/\\\/chachapoyasexpedition.com\\\/wp-content\\\/uploads\\\/Mirador-Huanca-Urco-Vista.jpg\",\"contentUrl\":\"https:\\\/\\\/chachapoyasexpedition.com\\\/wp-content\\\/uploads\\\/Mirador-Huanca-Urco-Vista.jpg\",\"width\":1000,\"height\":600},{\"@type\":\"BreadcrumbList\",\"@id\":\"https:\\\/\\\/chachapoyasexpedition.com\\\/tour\\\/city-tours-pueblo-de-huancas\\\/#breadcrumb\",\"itemListElement\":[{\"@type\":\"ListItem\",\"position\":1,\"name\":\"Home\",\"item\":\"https:\\\/\\\/chachapoyasexpedition.com\\\/\"},{\"@type\":\"ListItem\",\"position\":2,\"name\":\"Cat\u00e1logo de Tours\",\"item\":\"https:\\\/\\\/chachapoyasexpedition.com\\\/reservas\\\/\"},{\"@type\":\"ListItem\",\"position\":3,\"name\":\"City Tours Huancas y Ca\u00f1ones\"}]},{\"@type\":\"WebSite\",\"@id\":\"https:\\\/\\\/chachapoyasexpedition.com\\\/#website\",\"url\":\"https:\\\/\\\/chachapoyasexpedition.com\\\/\",\"name\":\"Chachapoyas Expedition\",\"description\":\"Operador de Turismo\",\"potentialAction\":[{\"@type\":\"SearchAction\",\"target\":{\"@type\":\"EntryPoint\",\"urlTemplate\":\"https:\\\/\\\/chachapoyasexpedition.com\\\/?s={search_term_string}\"},\"query-input\":{\"@type\":\"PropertyValueSpecification\",\"valueRequired\":true,\"valueName\":\"search_term_string\"}}],\"inLanguage\":\"en-US\"}]}<\/script>\n<!-- \/ Yoast SEO plugin. -->","yoast_head_json":{"title":"City Tours Huancas y Ca\u00f1ones - Chachapoyas Expedition","description":"Huancas, cerca de Chachapoyas, destaca por sus impresionantes miradores con vistas al ca\u00f1\u00f3n del r\u00edo Sonche. Es un destino ideal para disfrutar de cultura, naturaleza y paisajes \u00fanicos.","robots":{"index":"index","follow":"follow","max-snippet":"max-snippet:-1","max-image-preview":"max-image-preview:large","max-video-preview":"max-video-preview:-1"},"canonical":"https:\/\/chachapoyasexpedition.com\/en\/tour\/city-tours-pueblo-de-huancas\/","og_locale":"en_US","og_type":"article","og_title":"City Tours Huancas y Ca\u00f1ones - Chachapoyas Expedition","og_description":"Huancas, cerca de Chachapoyas, destaca por sus impresionantes miradores con vistas al ca\u00f1\u00f3n del r\u00edo Sonche. Es un destino ideal para disfrutar de cultura, naturaleza y paisajes \u00fanicos.","og_url":"https:\/\/chachapoyasexpedition.com\/en\/tour\/city-tours-pueblo-de-huancas\/","og_site_name":"Chachapoyas Expedition","article_publisher":"https:\/\/www.facebook.com\/chachapoyas.expedition","article_modified_time":"2024-10-22T04:29:05+00:00","og_image":[{"width":1000,"height":600,"url":"https:\/\/chachapoyasexpedition.com\/wp-content\/uploads\/Mirador-Huanca-Urco-Vista.jpg","type":"image\/jpeg"}],"twitter_card":"summary_large_image","twitter_misc":{"Est. reading time":"1 minute"},"schema":{"@context":"https:\/\/schema.org","@graph":[{"@type":"WebPage","@id":"https:\/\/chachapoyasexpedition.com\/tour\/city-tours-pueblo-de-huancas\/","url":"https:\/\/chachapoyasexpedition.com\/tour\/city-tours-pueblo-de-huancas\/","name":"City Tours Huancas y Ca\u00f1ones - Chachapoyas Expedition","isPartOf":{"@id":"https:\/\/chachapoyasexpedition.com\/#website"},"primaryImageOfPage":{"@id":"https:\/\/chachapoyasexpedition.com\/tour\/city-tours-pueblo-de-huancas\/#primaryimage"},"image":{"@id":"https:\/\/chachapoyasexpedition.com\/tour\/city-tours-pueblo-de-huancas\/#primaryimage"},"thumbnailUrl":"https:\/\/chachapoyasexpedition.com\/wp-content\/uploads\/Mirador-Huanca-Urco-Vista.jpg","datePublished":"2024-10-10T14:07:47+00:00","dateModified":"2024-10-22T04:29:05+00:00","description":"Huancas, cerca de Chachapoyas, destaca por sus impresionantes miradores con vistas al ca\u00f1\u00f3n del r\u00edo Sonche. Es un destino ideal para disfrutar de cultura, naturaleza y paisajes \u00fanicos.","breadcrumb":{"@id":"https:\/\/chachapoyasexpedition.com\/tour\/city-tours-pueblo-de-huancas\/#breadcrumb"},"inLanguage":"en-US","potentialAction":[{"@type":"ReadAction","target":["https:\/\/chachapoyasexpedition.com\/tour\/city-tours-pueblo-de-huancas\/"]}]},{"@type":"ImageObject","inLanguage":"en-US","@id":"https:\/\/chachapoyasexpedition.com\/tour\/city-tours-pueblo-de-huancas\/#primaryimage","url":"https:\/\/chachapoyasexpedition.com\/wp-content\/uploads\/Mirador-Huanca-Urco-Vista.jpg","contentUrl":"https:\/\/chachapoyasexpedition.com\/wp-content\/uploads\/Mirador-Huanca-Urco-Vista.jpg","width":1000,"height":600},{"@type":"BreadcrumbList","@id":"https:\/\/chachapoyasexpedition.com\/tour\/city-tours-pueblo-de-huancas\/#breadcrumb","itemListElement":[{"@type":"ListItem","position":1,"name":"Home","item":"https:\/\/chachapoyasexpedition.com\/"},{"@type":"ListItem","position":2,"name":"Cat\u00e1logo de Tours","item":"https:\/\/chachapoyasexpedition.com\/reservas\/"},{"@type":"ListItem","position":3,"name":"City Tours Huancas y Ca\u00f1ones"}]},{"@type":"WebSite","@id":"https:\/\/chachapoyasexpedition.com\/#website","url":"https:\/\/chachapoyasexpedition.com\/","name":"Chachapoyas Expedition","description":"Operador de Turismo","potentialAction":[{"@type":"SearchAction","target":{"@type":"EntryPoint","urlTemplate":"https:\/\/chachapoyasexpedition.com\/?s={search_term_string}"},"query-input":{"@type":"PropertyValueSpecification","valueRequired":true,"valueName":"search_term_string"}}],"inLanguage":"en-US"}]}},"_links":{"self":[{"href":"https:\/\/chachapoyasexpedition.com\/en\/wp-json\/wp\/v2\/product\/3511","targetHints":{"allow":["GET"]}}],"collection":[{"href":"https:\/\/chachapoyasexpedition.com\/en\/wp-json\/wp\/v2\/product"}],"about":[{"href":"https:\/\/chachapoyasexpedition.com\/en\/wp-json\/wp\/v2\/types\/product"}],"replies":[{"embeddable":true,"href":"https:\/\/chachapoyasexpedition.com\/en\/wp-json\/wp\/v2\/comments?post=3511"}],"wp:featuredmedia":[{"embeddable":true,"href":"https:\/\/chachapoyasexpedition.com\/en\/wp-json\/wp\/v2\/media\/3516"}],"wp:attachment":[{"href":"https:\/\/chachapoyasexpedition.com\/en\/wp-json\/wp\/v2\/media?parent=3511"}],"wp:term":[{"taxonomy":"product_brand","embeddable":true,"href":"https:\/\/chachapoyasexpedition.com\/en\/wp-json\/wp\/v2\/product_brand?post=3511"},{"taxonomy":"product_cat","embeddable":true,"href":"https:\/\/chachapoyasexpedition.com\/en\/wp-json\/wp\/v2\/product_cat?post=3511"},{"taxonomy":"product_tag","embeddable":true,"href":"https:\/\/chachapoyasexpedition.com\/en\/wp-json\/wp\/v2\/product_tag?post=3511"}],"curies":[{"name":"wp","href":"https:\/\/api.w.org\/{rel}","templated":true}]}}