{"id":674,"date":"2017-07-26T02:58:48","date_gmt":"2017-07-26T02:58:48","guid":{"rendered":"http:\/\/molddiscover.moldthemes.com\/?post_type=product&#038;p=674"},"modified":"2024-11-09T09:42:03","modified_gmt":"2024-11-09T14:42:03","slug":"lima-trujillo-chiclayo-chachapoyas-cajamarca-13-dias","status":"publish","type":"product","link":"https:\/\/chachapoyasexpedition.com\/en\/tour\/lima-trujillo-chiclayo-chachapoyas-cajamarca-13-dias\/","title":{"rendered":"Northern Kingdoms from Lima"},"content":{"rendered":"<div class=\"wpb-content-wrapper\"><div class=\"vc_row wpb_row vc_row-fluid\"><div class=\"wpb_column vc_column_container vc_col-sm-12\"><div class=\"vc_column-inner\"><div class=\"wpb_wrapper\">\n\t<div class=\"wpb_text_column wpb_content_element\" >\n\t\t<div class=\"wpb_wrapper\">\n\t\t\t<h6 class=\"bg_gris_claro ft-opens-b hide-for-medium-down\">LIMA &#8211; TRUJILLO &#8211; CHICLAYO &#8211; CHACHAPOYAS &#8211; CAJAMARCA &#8211; LIMA<\/h6>\n<p>This trip will allow you to go from the coastal desert to the Ceja de jungle crossing the imposing canyon of the Mara\u00f1\u00f3n River, the cloud forests characteristic of the Chachapoyas area as well as visiting several archaeological sites such as Huaca del Sol y la Luna, Chan Chan, El Brujo, Sip\u00e1n, Ku\u00e9lap, Karaj\u00eda, Cumbemayo and more\u2026<\/p>\n\n\t\t<\/div>\n\t<\/div>\n<\/div><\/div><\/div><\/div>\n<\/div>","protected":false},"excerpt":{"rendered":"<p>Northern Tourist Circuit<\/p>","protected":false},"featured_media":2813,"comment_status":"closed","ping_status":"closed","template":"","meta":[],"product_brand":[],"product_cat":[20],"product_tag":[],"class_list":{"0":"post-674","1":"product","2":"type-product","3":"status-publish","4":"has-post-thumbnail","6":"product_cat-circuito-norte","7":"grade-facil","8":"location-cajamarca","9":"location-chachapoyas","10":"location-chiclayo","11":"location-lima","12":"location-trujillo","14":"first","15":"instock","16":"featured","17":"sold-individually","18":"taxable","19":"shipping-taxable","20":"product-type-simple"},"yoast_head":"<!-- This site is optimized with the Yoast SEO plugin v27.3 - https:\/\/yoast.com\/product\/yoast-seo-wordpress\/ -->\n<title>Reinos del Norte desde Lima - Chachapoyas Expedition<\/title>\n<meta name=\"robots\" content=\"index, follow, max-snippet:-1, max-image-preview:large, max-video-preview:-1\" \/>\n<link rel=\"canonical\" href=\"https:\/\/chachapoyasexpedition.com\/en\/tour\/lima-trujillo-chiclayo-chachapoyas-cajamarca-13-dias\/\" \/>\n<meta property=\"og:locale\" content=\"en_US\" \/>\n<meta property=\"og:type\" content=\"article\" \/>\n<meta property=\"og:title\" content=\"Reinos del Norte desde Lima - Chachapoyas Expedition\" \/>\n<meta property=\"og:description\" content=\"Circuito Tur\u00edstico del Norte\" \/>\n<meta property=\"og:url\" content=\"https:\/\/chachapoyasexpedition.com\/en\/tour\/lima-trujillo-chiclayo-chachapoyas-cajamarca-13-dias\/\" \/>\n<meta property=\"og:site_name\" content=\"Chachapoyas Expedition\" \/>\n<meta property=\"article:publisher\" content=\"https:\/\/www.facebook.com\/chachapoyas.expedition\" \/>\n<meta property=\"article:modified_time\" content=\"2024-11-09T14:42:03+00:00\" \/>\n<meta property=\"og:image\" content=\"https:\/\/chachapoyasexpedition.com\/wp-content\/uploads\/reinos-del-norte-1.jpg\" \/>\n\t<meta property=\"og:image:width\" content=\"1600\" \/>\n\t<meta property=\"og:image:height\" content=\"1067\" \/>\n\t<meta property=\"og:image:type\" content=\"image\/jpeg\" \/>\n<meta name=\"twitter:card\" content=\"summary_large_image\" \/>\n<meta name=\"twitter:label1\" content=\"Est. reading time\" \/>\n\t<meta name=\"twitter:data1\" content=\"1 minute\" \/>\n<script type=\"application\/ld+json\" class=\"yoast-schema-graph\">{\"@context\":\"https:\\\/\\\/schema.org\",\"@graph\":[{\"@type\":\"WebPage\",\"@id\":\"https:\\\/\\\/chachapoyasexpedition.com\\\/tour\\\/lima-trujillo-chiclayo-chachapoyas-cajamarca-13-dias\\\/\",\"url\":\"https:\\\/\\\/chachapoyasexpedition.com\\\/tour\\\/lima-trujillo-chiclayo-chachapoyas-cajamarca-13-dias\\\/\",\"name\":\"Reinos del Norte desde Lima - Chachapoyas Expedition\",\"isPartOf\":{\"@id\":\"https:\\\/\\\/chachapoyasexpedition.com\\\/#website\"},\"primaryImageOfPage\":{\"@id\":\"https:\\\/\\\/chachapoyasexpedition.com\\\/tour\\\/lima-trujillo-chiclayo-chachapoyas-cajamarca-13-dias\\\/#primaryimage\"},\"image\":{\"@id\":\"https:\\\/\\\/chachapoyasexpedition.com\\\/tour\\\/lima-trujillo-chiclayo-chachapoyas-cajamarca-13-dias\\\/#primaryimage\"},\"thumbnailUrl\":\"https:\\\/\\\/chachapoyasexpedition.com\\\/wp-content\\\/uploads\\\/reinos-del-norte-1.jpg\",\"datePublished\":\"2017-07-26T02:58:48+00:00\",\"dateModified\":\"2024-11-09T14:42:03+00:00\",\"breadcrumb\":{\"@id\":\"https:\\\/\\\/chachapoyasexpedition.com\\\/tour\\\/lima-trujillo-chiclayo-chachapoyas-cajamarca-13-dias\\\/#breadcrumb\"},\"inLanguage\":\"en-US\",\"potentialAction\":[{\"@type\":\"ReadAction\",\"target\":[\"https:\\\/\\\/chachapoyasexpedition.com\\\/tour\\\/lima-trujillo-chiclayo-chachapoyas-cajamarca-13-dias\\\/\"]}]},{\"@type\":\"ImageObject\",\"inLanguage\":\"en-US\",\"@id\":\"https:\\\/\\\/chachapoyasexpedition.com\\\/tour\\\/lima-trujillo-chiclayo-chachapoyas-cajamarca-13-dias\\\/#primaryimage\",\"url\":\"https:\\\/\\\/chachapoyasexpedition.com\\\/wp-content\\\/uploads\\\/reinos-del-norte-1.jpg\",\"contentUrl\":\"https:\\\/\\\/chachapoyasexpedition.com\\\/wp-content\\\/uploads\\\/reinos-del-norte-1.jpg\",\"width\":1600,\"height\":1067},{\"@type\":\"BreadcrumbList\",\"@id\":\"https:\\\/\\\/chachapoyasexpedition.com\\\/tour\\\/lima-trujillo-chiclayo-chachapoyas-cajamarca-13-dias\\\/#breadcrumb\",\"itemListElement\":[{\"@type\":\"ListItem\",\"position\":1,\"name\":\"Home\",\"item\":\"https:\\\/\\\/chachapoyasexpedition.com\\\/\"},{\"@type\":\"ListItem\",\"position\":2,\"name\":\"Cat\u00e1logo de Tours\",\"item\":\"https:\\\/\\\/chachapoyasexpedition.com\\\/reservas\\\/\"},{\"@type\":\"ListItem\",\"position\":3,\"name\":\"Reinos del Norte desde Lima\"}]},{\"@type\":\"WebSite\",\"@id\":\"https:\\\/\\\/chachapoyasexpedition.com\\\/#website\",\"url\":\"https:\\\/\\\/chachapoyasexpedition.com\\\/\",\"name\":\"Chachapoyas Expedition\",\"description\":\"Operador de Turismo\",\"potentialAction\":[{\"@type\":\"SearchAction\",\"target\":{\"@type\":\"EntryPoint\",\"urlTemplate\":\"https:\\\/\\\/chachapoyasexpedition.com\\\/?s={search_term_string}\"},\"query-input\":{\"@type\":\"PropertyValueSpecification\",\"valueRequired\":true,\"valueName\":\"search_term_string\"}}],\"inLanguage\":\"en-US\"}]}<\/script>\n<!-- \/ Yoast SEO plugin. -->","yoast_head_json":{"title":"Reinos del Norte desde Lima - Chachapoyas Expedition","robots":{"index":"index","follow":"follow","max-snippet":"max-snippet:-1","max-image-preview":"max-image-preview:large","max-video-preview":"max-video-preview:-1"},"canonical":"https:\/\/chachapoyasexpedition.com\/en\/tour\/lima-trujillo-chiclayo-chachapoyas-cajamarca-13-dias\/","og_locale":"en_US","og_type":"article","og_title":"Reinos del Norte desde Lima - Chachapoyas Expedition","og_description":"Circuito Tur\u00edstico del Norte","og_url":"https:\/\/chachapoyasexpedition.com\/en\/tour\/lima-trujillo-chiclayo-chachapoyas-cajamarca-13-dias\/","og_site_name":"Chachapoyas Expedition","article_publisher":"https:\/\/www.facebook.com\/chachapoyas.expedition","article_modified_time":"2024-11-09T14:42:03+00:00","og_image":[{"width":1600,"height":1067,"url":"https:\/\/chachapoyasexpedition.com\/wp-content\/uploads\/reinos-del-norte-1.jpg","type":"image\/jpeg"}],"twitter_card":"summary_large_image","twitter_misc":{"Est. reading time":"1 minute"},"schema":{"@context":"https:\/\/schema.org","@graph":[{"@type":"WebPage","@id":"https:\/\/chachapoyasexpedition.com\/tour\/lima-trujillo-chiclayo-chachapoyas-cajamarca-13-dias\/","url":"https:\/\/chachapoyasexpedition.com\/tour\/lima-trujillo-chiclayo-chachapoyas-cajamarca-13-dias\/","name":"Reinos del Norte desde Lima - Chachapoyas Expedition","isPartOf":{"@id":"https:\/\/chachapoyasexpedition.com\/#website"},"primaryImageOfPage":{"@id":"https:\/\/chachapoyasexpedition.com\/tour\/lima-trujillo-chiclayo-chachapoyas-cajamarca-13-dias\/#primaryimage"},"image":{"@id":"https:\/\/chachapoyasexpedition.com\/tour\/lima-trujillo-chiclayo-chachapoyas-cajamarca-13-dias\/#primaryimage"},"thumbnailUrl":"https:\/\/chachapoyasexpedition.com\/wp-content\/uploads\/reinos-del-norte-1.jpg","datePublished":"2017-07-26T02:58:48+00:00","dateModified":"2024-11-09T14:42:03+00:00","breadcrumb":{"@id":"https:\/\/chachapoyasexpedition.com\/tour\/lima-trujillo-chiclayo-chachapoyas-cajamarca-13-dias\/#breadcrumb"},"inLanguage":"en-US","potentialAction":[{"@type":"ReadAction","target":["https:\/\/chachapoyasexpedition.com\/tour\/lima-trujillo-chiclayo-chachapoyas-cajamarca-13-dias\/"]}]},{"@type":"ImageObject","inLanguage":"en-US","@id":"https:\/\/chachapoyasexpedition.com\/tour\/lima-trujillo-chiclayo-chachapoyas-cajamarca-13-dias\/#primaryimage","url":"https:\/\/chachapoyasexpedition.com\/wp-content\/uploads\/reinos-del-norte-1.jpg","contentUrl":"https:\/\/chachapoyasexpedition.com\/wp-content\/uploads\/reinos-del-norte-1.jpg","width":1600,"height":1067},{"@type":"BreadcrumbList","@id":"https:\/\/chachapoyasexpedition.com\/tour\/lima-trujillo-chiclayo-chachapoyas-cajamarca-13-dias\/#breadcrumb","itemListElement":[{"@type":"ListItem","position":1,"name":"Home","item":"https:\/\/chachapoyasexpedition.com\/"},{"@type":"ListItem","position":2,"name":"Cat\u00e1logo de Tours","item":"https:\/\/chachapoyasexpedition.com\/reservas\/"},{"@type":"ListItem","position":3,"name":"Reinos del Norte desde Lima"}]},{"@type":"WebSite","@id":"https:\/\/chachapoyasexpedition.com\/#website","url":"https:\/\/chachapoyasexpedition.com\/","name":"Chachapoyas Expedition","description":"Operador de Turismo","potentialAction":[{"@type":"SearchAction","target":{"@type":"EntryPoint","urlTemplate":"https:\/\/chachapoyasexpedition.com\/?s={search_term_string}"},"query-input":{"@type":"PropertyValueSpecification","valueRequired":true,"valueName":"search_term_string"}}],"inLanguage":"en-US"}]}},"_links":{"self":[{"href":"https:\/\/chachapoyasexpedition.com\/en\/wp-json\/wp\/v2\/product\/674","targetHints":{"allow":["GET"]}}],"collection":[{"href":"https:\/\/chachapoyasexpedition.com\/en\/wp-json\/wp\/v2\/product"}],"about":[{"href":"https:\/\/chachapoyasexpedition.com\/en\/wp-json\/wp\/v2\/types\/product"}],"replies":[{"embeddable":true,"href":"https:\/\/chachapoyasexpedition.com\/en\/wp-json\/wp\/v2\/comments?post=674"}],"wp:featuredmedia":[{"embeddable":true,"href":"https:\/\/chachapoyasexpedition.com\/en\/wp-json\/wp\/v2\/media\/2813"}],"wp:attachment":[{"href":"https:\/\/chachapoyasexpedition.com\/en\/wp-json\/wp\/v2\/media?parent=674"}],"wp:term":[{"taxonomy":"product_brand","embeddable":true,"href":"https:\/\/chachapoyasexpedition.com\/en\/wp-json\/wp\/v2\/product_brand?post=674"},{"taxonomy":"product_cat","embeddable":true,"href":"https:\/\/chachapoyasexpedition.com\/en\/wp-json\/wp\/v2\/product_cat?post=674"},{"taxonomy":"product_tag","embeddable":true,"href":"https:\/\/chachapoyasexpedition.com\/en\/wp-json\/wp\/v2\/product_tag?post=674"}],"curies":[{"name":"wp","href":"https:\/\/api.w.org\/{rel}","templated":true}]}}